{"id":175,"date":"2024-05-18T18:57:23","date_gmt":"2024-05-18T16:57:23","guid":{"rendered":"https:\/\/www.spim92.fr\/?page_id=175"},"modified":"2025-01-20T09:00:18","modified_gmt":"2025-01-20T08:00:18","slug":"adherer","status":"publish","type":"page","link":"https:\/\/www.spim92.fr\/?page_id=175","title":{"rendered":"Faire un don ou Adh\u00e9rer"},"content":{"rendered":"\n<p class=\"has-medium-font-size\">Soutenez notre projet de cr\u00e9ation d&rsquo;une Maison de vie et de r\u00e9pit \u00e0 Issy les Moulineaux  : &nbsp;une alternative \u00e0 l\u2019hospitalisation et\/ou au domicile pour offrir aux aidants un r\u00e9pit en accueillant leur proche pour un s\u00e9jour de 1 \u00e0 90 jours dans un environnement s\u00e9curisant et familial.&nbsp;<\/p>\n\n\n\n<p class=\"has-text-align-center has-medium-font-size\">Nous vous remercions pour votre soutien<\/p>\n\n\n\n<p class=\"has-text-align-left has-large-font-size\"><mark style=\"background-color:rgba(0, 0, 0, 0)\" class=\"has-inline-color has-vivid-red-color\">Pour faire un don<\/mark> :<\/p>\n\n\n\n<ul class=\"wp-block-list\">\n<li class=\"has-medium-font-size\">faites votre don en ligne sur la plateforme s\u00e9curis\u00e9e <a href=\"https:\/\/www.helloasso.com\/associations\/spim-92\/formulaires\/1\" target=\"_blank\" rel=\"noreferrer noopener\">HelloAsso<\/a><\/li>\n\n\n\n<li class=\"has-medium-font-size\">ou envoyez votre ch\u00e8que \u00e0 SPIM 92, 7 rue Marceau 92130 Issy les Moulineaux<\/li>\n<\/ul>\n\n\n\n<p>SPIM92 est un organisme d&rsquo;int\u00e9r\u00eat g\u00e9n\u00e9ral : votre don ouvre droit \u00e0 une r\u00e9duction d&rsquo;imp\u00f4t sur le revenu \u00e9gale \u00e0&nbsp;<strong>66&nbsp;% du montant vers\u00e9, dans la limite de 20 % du revenu imposable<\/strong>.. <\/p>\n\n\n\n<p>Par exemple, un don de 50 euros ouvre droit \u00e0 une r\u00e9duction d&rsquo;imp\u00f4t de 33 euros et ne vous co\u00fbte que 17 euros, un don de 100 euros \u00e0 une r\u00e9duction de 66 euros et ne vous co\u00fbte que 34 euros.<\/p>\n\n\n\n<p class=\"has-large-font-size\"><mark style=\"background-color:rgba(0, 0, 0, 0)\" class=\"has-inline-color has-vivid-red-color\">Pour adh\u00e9rer \u00e0 l&rsquo;association ou renouveler votre adh\u00e9sion<\/mark> :<\/p>\n\n\n\n<ul class=\"wp-block-list\">\n<li class=\"has-medium-font-size\">faites la d\u00e9marche en ligne sur la page <a href=\"https:\/\/www.helloasso.com\/associations\/spim-92\/adhesions\/adhesion-spim92-2025\" target=\"_blank\" rel=\"noreferrer noopener nofollow\">HelloAsso<\/a><\/li>\n\n\n\n<li class=\"has-medium-font-size\">ou t\u00e9l\u00e9chargez  <a href=\"https:\/\/www.spim92.fr\/wp-content\/uploads\/2024\/05\/SPIM-Bulletin-adhesion-ou-renouvellement.pdf\" rel=\"nofollow\">le bulletin d&rsquo;adh\u00e9sion ou de renouvellement<\/a> et envoyez-le \u00e0 SPIM 92, 7 rue Marceau 92130 Issy les Moulineaux<\/li>\n<\/ul>\n","protected":false},"excerpt":{"rendered":"<p>Soutenez notre projet de cr\u00e9ation d&rsquo;une Maison de vie et de r\u00e9pit \u00e0 Issy les Moulineaux : &nbsp;une alternative \u00e0 l\u2019hospitalisation et\/ou au domicile pour offrir aux aidants un r\u00e9pit en accueillant leur proche pour un s\u00e9jour de 1 \u00e0 90 jours dans un environnement s\u00e9curisant et familial.&nbsp; Nous vous remercions pour votre soutien Pour [&hellip;]<\/p>\n","protected":false},"author":2,"featured_media":0,"parent":0,"menu_order":0,"comment_status":"closed","ping_status":"closed","template":"","meta":{"ocean_post_layout":"","ocean_both_sidebars_style":"","ocean_both_sidebars_content_width":0,"ocean_both_sidebars_sidebars_width":0,"ocean_sidebar":"","ocean_second_sidebar":"","ocean_disable_margins":"enable","ocean_add_body_class":"","ocean_shortcode_before_top_bar":"","ocean_shortcode_after_top_bar":"","ocean_shortcode_before_header":"","ocean_shortcode_after_header":"","ocean_has_shortcode":"","ocean_shortcode_after_title":"","ocean_shortcode_before_footer_widgets":"","ocean_shortcode_after_footer_widgets":"","ocean_shortcode_before_footer_bottom":"","ocean_shortcode_after_footer_bottom":"","ocean_display_top_bar":"default","ocean_display_header":"default","ocean_header_style":"","ocean_center_header_left_menu":"","ocean_custom_header_template":"","ocean_custom_logo":0,"ocean_custom_retina_logo":0,"ocean_custom_logo_max_width":0,"ocean_custom_logo_tablet_max_width":0,"ocean_custom_logo_mobile_max_width":0,"ocean_custom_logo_max_height":0,"ocean_custom_logo_tablet_max_height":0,"ocean_custom_logo_mobile_max_height":0,"ocean_header_custom_menu":"","ocean_menu_typo_font_family":"","ocean_menu_typo_font_subset":"","ocean_menu_typo_font_size":0,"ocean_menu_typo_font_size_tablet":0,"ocean_menu_typo_font_size_mobile":0,"ocean_menu_typo_font_size_unit":"px","ocean_menu_typo_font_weight":"","ocean_menu_typo_font_weight_tablet":"","ocean_menu_typo_font_weight_mobile":"","ocean_menu_typo_transform":"","ocean_menu_typo_transform_tablet":"","ocean_menu_typo_transform_mobile":"","ocean_menu_typo_line_height":0,"ocean_menu_typo_line_height_tablet":0,"ocean_menu_typo_line_height_mobile":0,"ocean_menu_typo_line_height_unit":"","ocean_menu_typo_spacing":0,"ocean_menu_typo_spacing_tablet":0,"ocean_menu_typo_spacing_mobile":0,"ocean_menu_typo_spacing_unit":"","ocean_menu_link_color":"","ocean_menu_link_color_hover":"","ocean_menu_link_color_active":"","ocean_menu_link_background":"","ocean_menu_link_hover_background":"","ocean_menu_link_active_background":"","ocean_menu_social_links_bg":"","ocean_menu_social_hover_links_bg":"","ocean_menu_social_links_color":"","ocean_menu_social_hover_links_color":"","ocean_disable_title":"default","ocean_disable_heading":"default","ocean_post_title":"","ocean_post_subheading":"","ocean_post_title_style":"","ocean_post_title_background_color":"","ocean_post_title_background":0,"ocean_post_title_bg_image_position":"","ocean_post_title_bg_image_attachment":"","ocean_post_title_bg_image_repeat":"","ocean_post_title_bg_image_size":"","ocean_post_title_height":0,"ocean_post_title_bg_overlay":0.5,"ocean_post_title_bg_overlay_color":"","ocean_disable_breadcrumbs":"default","ocean_breadcrumbs_color":"","ocean_breadcrumbs_separator_color":"","ocean_breadcrumbs_links_color":"","ocean_breadcrumbs_links_hover_color":"","ocean_display_footer_widgets":"default","ocean_display_footer_bottom":"default","ocean_custom_footer_template":"","footnotes":""},"class_list":["post-175","page","type-page","status-publish","hentry","entry"],"_links":{"self":[{"href":"https:\/\/www.spim92.fr\/index.php?rest_route=\/wp\/v2\/pages\/175","targetHints":{"allow":["GET"]}}],"collection":[{"href":"https:\/\/www.spim92.fr\/index.php?rest_route=\/wp\/v2\/pages"}],"about":[{"href":"https:\/\/www.spim92.fr\/index.php?rest_route=\/wp\/v2\/types\/page"}],"author":[{"embeddable":true,"href":"https:\/\/www.spim92.fr\/index.php?rest_route=\/wp\/v2\/users\/2"}],"replies":[{"embeddable":true,"href":"https:\/\/www.spim92.fr\/index.php?rest_route=%2Fwp%2Fv2%2Fcomments&post=175"}],"version-history":[{"count":13,"href":"https:\/\/www.spim92.fr\/index.php?rest_route=\/wp\/v2\/pages\/175\/revisions"}],"predecessor-version":[{"id":209,"href":"https:\/\/www.spim92.fr\/index.php?rest_route=\/wp\/v2\/pages\/175\/revisions\/209"}],"wp:attachment":[{"href":"https:\/\/www.spim92.fr\/index.php?rest_route=%2Fwp%2Fv2%2Fmedia&parent=175"}],"curies":[{"name":"wp","href":"https:\/\/api.w.org\/{rel}","templated":true}]}}