{"id":87,"date":"2020-09-10T16:52:02","date_gmt":"2020-09-10T14:52:02","guid":{"rendered":"https:\/\/www.spim92.fr\/?page_id=87"},"modified":"2024-03-29T17:46:16","modified_gmt":"2024-03-29T16:46:16","slug":"accueil","status":"publish","type":"page","link":"https:\/\/www.spim92.fr\/?page_id=87","title":{"rendered":"Qui sommes nous ?"},"content":{"rendered":"\n<ol type=\"a\" class=\"sousTitre wp-block-list\"><li><strong>Qui sommes-nous&nbsp;?<\/strong><\/li><\/ol>\n\n\n\n<p>SPIM 92 a \u00e9t\u00e9 cr\u00e9\u00e9e en novembre 2016&nbsp;par une petite \u00e9quipe pluridisciplinaire d\u2019iss\u00e9ens (m\u00e9decins g\u00e9n\u00e9raliste et sp\u00e9cialistes, infirmi\u00e8res, autres professionnels de sant\u00e9 et du secteur m\u00e9dico-social, b\u00e9n\u00e9voles d\u2019accompagnements).&nbsp;<\/p>\n\n\n\n<p>SPIM est soutenu par le<em>&nbsp;<\/em>R\u00e9seau de soins palliatifs Osmose &#8211; qui intervient sur la ville et 14 communes des Hauts de Seine &#8211; et par la Municipalit\u00e9 d\u2019Issy les Moulineaux<\/p>\n\n\n\n<ol start=\"2\" class=\"sousTitre wp-block-list\"><li><strong>Quel est notre but&nbsp;?<\/strong><\/li><\/ol>\n\n\n\n<p><strong>\u00ab Promouvoir les soins palliatifs sur Issy les Moulineaux et les communes alentours&nbsp;\u00bb.<\/strong><\/p>\n\n\n\n<ol start=\"3\" class=\"sousTitre wp-block-list\"><li><strong>Quelles sont nos priorit\u00e9s&nbsp;?<\/strong><\/li><\/ol>\n\n\n\n<p><strong>SOULAGER<\/strong>&nbsp;la douleur et les sympt\u00f4mes d\u2019inconfort li\u00e9s aux traitements<\/p>\n\n\n\n<p><strong>APAISER&nbsp;<\/strong>la souffrance psychologique, morale, spirituelle de la personne malade,<br><strong>AIDER&nbsp;<\/strong>\u00e0 l\u2019organisation de la vie quotidienne, devenue plus compliqu\u00e9e<br><strong>ACCOMPAGNER<\/strong>&nbsp;pour ne pas laisser seuls ni la personne, ni ses proches face \u00e0 cette situation.<\/p>\n\n\n\n<ol start=\"4\" class=\"sousTitre wp-block-list\"><li><strong>Comment proc\u00e9der&nbsp;?<\/strong><\/li><\/ol>\n\n\n\n<ul class=\"wp-block-list\"><li><strong>Communiquer autour des soins palliatifs<\/strong><\/li><\/ul>\n\n\n\n<p>L\u2019acc\u00e8s aux soins palliatifs est un droit trop mal connu, 50% des habitants d\u2019Ile de France n\u2019y ont pas encore acc\u00e8s.<\/p>\n\n\n\n<ul class=\"wp-block-list\"><li>Pour venir en aide aux personnes qui en ont besoin et sensibiliser les professionnels de sant\u00e9, l\u2019association a r\u00e9dig\u00e9 un \u00ab&nbsp;<strong>Guide pratique des soins palliatifs&nbsp;sur la ville \u00bb&nbsp;&nbsp;<\/strong><\/li><\/ul>\n\n\n\n<ul class=\"wp-block-list\"><li><strong>S\u2019unir pour mieux soutenir.<\/strong><\/li><\/ul>\n\n\n\n<p>Am\u00e9liorer la prise en charge des patients \u00e0 domicile en favorisant la coop\u00e9ration entre tous les acteurs de la sant\u00e9 sur la ville et les soins palliatifs&nbsp;<\/p>\n\n\n\n<ul class=\"wp-block-list\"><li><strong>Cr\u00e9er une maison de vie et de r\u00e9pit&nbsp;<\/strong><\/li><\/ul>\n\n\n\n<p>Pour proposer un lieu d\u2019accueil, d\u2019accompagnement et de r\u00e9pit pour des malades qui ne n\u00e9cessitent plus d\u2019hospitalisation ou de soins de suite.<\/p>\n\n\n\n<p>Pour les proches aidants, fatigu\u00e9s&nbsp;&nbsp;qui ont besoin de soutien, de relai et de r\u00e9pit.&nbsp;<\/p>\n","protected":false},"excerpt":{"rendered":"<p>Qui sommes-nous&nbsp;? SPIM 92 a \u00e9t\u00e9 cr\u00e9\u00e9e en novembre 2016&nbsp;par une petite \u00e9quipe pluridisciplinaire d\u2019iss\u00e9ens (m\u00e9decins g\u00e9n\u00e9raliste et sp\u00e9cialistes, infirmi\u00e8res, autres professionnels de sant\u00e9 et du secteur m\u00e9dico-social, b\u00e9n\u00e9voles d\u2019accompagnements).&nbsp; SPIM est soutenu par le&nbsp;R\u00e9seau de soins palliatifs Osmose &#8211; qui intervient sur la ville et 14 communes des Hauts de Seine &#8211; et par [&hellip;]<\/p>\n","protected":false},"author":1,"featured_media":0,"parent":0,"menu_order":0,"comment_status":"closed","ping_status":"closed","template":"","meta":{"ocean_post_layout":"","ocean_both_sidebars_style":"","ocean_both_sidebars_content_width":0,"ocean_both_sidebars_sidebars_width":0,"ocean_sidebar":"0","ocean_second_sidebar":"0","ocean_disable_margins":"enable","ocean_add_body_class":"","ocean_shortcode_before_top_bar":"","ocean_shortcode_after_top_bar":"","ocean_shortcode_before_header":"","ocean_shortcode_after_header":"","ocean_has_shortcode":"","ocean_shortcode_after_title":"","ocean_shortcode_before_footer_widgets":"","ocean_shortcode_after_footer_widgets":"","ocean_shortcode_before_footer_bottom":"","ocean_shortcode_after_footer_bottom":"","ocean_display_top_bar":"default","ocean_display_header":"default","ocean_header_style":"","ocean_center_header_left_menu":"0","ocean_custom_header_template":"0","ocean_custom_logo":0,"ocean_custom_retina_logo":0,"ocean_custom_logo_max_width":0,"ocean_custom_logo_tablet_max_width":0,"ocean_custom_logo_mobile_max_width":0,"ocean_custom_logo_max_height":0,"ocean_custom_logo_tablet_max_height":0,"ocean_custom_logo_mobile_max_height":0,"ocean_header_custom_menu":"0","ocean_menu_typo_font_family":"0","ocean_menu_typo_font_subset":"","ocean_menu_typo_font_size":0,"ocean_menu_typo_font_size_tablet":0,"ocean_menu_typo_font_size_mobile":0,"ocean_menu_typo_font_size_unit":"px","ocean_menu_typo_font_weight":"","ocean_menu_typo_font_weight_tablet":"","ocean_menu_typo_font_weight_mobile":"","ocean_menu_typo_transform":"","ocean_menu_typo_transform_tablet":"","ocean_menu_typo_transform_mobile":"","ocean_menu_typo_line_height":0,"ocean_menu_typo_line_height_tablet":0,"ocean_menu_typo_line_height_mobile":0,"ocean_menu_typo_line_height_unit":"","ocean_menu_typo_spacing":0,"ocean_menu_typo_spacing_tablet":0,"ocean_menu_typo_spacing_mobile":0,"ocean_menu_typo_spacing_unit":"","ocean_menu_link_color":"","ocean_menu_link_color_hover":"","ocean_menu_link_color_active":"","ocean_menu_link_background":"","ocean_menu_link_hover_background":"","ocean_menu_link_active_background":"","ocean_menu_social_links_bg":"","ocean_menu_social_hover_links_bg":"","ocean_menu_social_links_color":"","ocean_menu_social_hover_links_color":"","ocean_disable_title":"default","ocean_disable_heading":"default","ocean_post_title":"","ocean_post_subheading":"","ocean_post_title_style":"","ocean_post_title_background_color":"","ocean_post_title_background":0,"ocean_post_title_bg_image_position":"","ocean_post_title_bg_image_attachment":"","ocean_post_title_bg_image_repeat":"","ocean_post_title_bg_image_size":"","ocean_post_title_height":0,"ocean_post_title_bg_overlay":0.5,"ocean_post_title_bg_overlay_color":"","ocean_disable_breadcrumbs":"default","ocean_breadcrumbs_color":"","ocean_breadcrumbs_separator_color":"","ocean_breadcrumbs_links_color":"","ocean_breadcrumbs_links_hover_color":"","ocean_display_footer_widgets":"default","ocean_display_footer_bottom":"default","ocean_custom_footer_template":"0","footnotes":""},"class_list":["post-87","page","type-page","status-publish","hentry","entry"],"_links":{"self":[{"href":"https:\/\/www.spim92.fr\/index.php?rest_route=\/wp\/v2\/pages\/87","targetHints":{"allow":["GET"]}}],"collection":[{"href":"https:\/\/www.spim92.fr\/index.php?rest_route=\/wp\/v2\/pages"}],"about":[{"href":"https:\/\/www.spim92.fr\/index.php?rest_route=\/wp\/v2\/types\/page"}],"author":[{"embeddable":true,"href":"https:\/\/www.spim92.fr\/index.php?rest_route=\/wp\/v2\/users\/1"}],"replies":[{"embeddable":true,"href":"https:\/\/www.spim92.fr\/index.php?rest_route=%2Fwp%2Fv2%2Fcomments&post=87"}],"version-history":[{"count":4,"href":"https:\/\/www.spim92.fr\/index.php?rest_route=\/wp\/v2\/pages\/87\/revisions"}],"predecessor-version":[{"id":118,"href":"https:\/\/www.spim92.fr\/index.php?rest_route=\/wp\/v2\/pages\/87\/revisions\/118"}],"wp:attachment":[{"href":"https:\/\/www.spim92.fr\/index.php?rest_route=%2Fwp%2Fv2%2Fmedia&parent=87"}],"curies":[{"name":"wp","href":"https:\/\/api.w.org\/{rel}","templated":true}]}}