{"id":89,"date":"2020-09-10T16:56:14","date_gmt":"2020-09-10T14:56:14","guid":{"rendered":"https:\/\/www.spim92.fr\/?page_id=89"},"modified":"2024-03-29T17:58:04","modified_gmt":"2024-03-29T16:58:04","slug":"nos-actions","status":"publish","type":"page","link":"https:\/\/www.spim92.fr\/?page_id=89","title":{"rendered":"Nos Actions"},"content":{"rendered":"\n<p class=\"sousTitre\"><strong>2016\/2017<\/strong><\/p>\n\n\n\n<p><strong>Validation de la pertinence de notre projet&nbsp;<\/strong>aupr\u00e8s de nombreux professionnels de soins palliatifs, des acteurs de sant\u00e9, des associations<\/p>\n\n\n\n<ul class=\"wp-block-list\"><li><strong>Professionnels rencontr\u00e9s&nbsp;:&nbsp;<\/strong>Issy est situ\u00e9e en limite du 15<sup>e<\/sup>&nbsp;arrondissement, les Iss\u00e9ens sont souvent hospitalis\u00e9s \u00e0 Paris<\/li><\/ul>\n\n\n\n<p><\/p>\n\n\n\n<ul class=\"wp-block-list\"><li>PROFESSIONNELS DE SANTE ET DES SOINS PALLIATIFS<\/li><li>Docteur Isabelle TRIOL,&nbsp;Chef de service de soins palliatifs tri-site (B\u00e9cl\u00e8re, Bic\u00eatre, Paul Brousse) H\u00f4pitaux universitaires Paris-Sud (AP-HP), Pr\u00e9sidente de la coll\u00e9giale de soins palliatifs APHP<\/li><li>Madame Anne- Marie TREBULLE, Directrice des soins, Maison M\u00e9dicale Jeanne Garnier, Paris XV<\/li><li>Docteur H\u00e9l\u00e8ne JAULMES BOUILLOT, M\u00e9decin EMSP H\u00f4pital Europ\u00e9en Georges Pompidou, Paris XV\u00e8me&nbsp;<\/li><li>Docteur Sophie BARTHIER,&nbsp;Praticien hospitalier, oncologue m\u00e9dicale, Responsable de l\u2019H\u00f4pital De Jour de m\u00e9decine, H\u00f4pital Antoine B\u00e9cl\u00e8re, Clamart (92)<\/li><li>Docteur Francis VAN HILLE, M\u00e9decin Notre Dame du Lac et pr\u00e9sident CORPALIF<\/li><li>Docteur Elisabeth BALLADUR, Chef de p\u00f4le HAD APHP-&nbsp;<\/li><li>Mesdames, assistante sociales, H\u00f4pital Antoine B\u00e9cl\u00e8re<\/li><li>Madame St\u00e9phanie JADOT, infirmi\u00e8re lib\u00e9rale intervenant sur les secteurs de&nbsp;&nbsp;Clamart &amp; d\u2019Issy les Moulineaux&nbsp;<\/li><li>Docteur Alexis BURNOD,&nbsp;<\/li><\/ul>\n\n\n\n<p><strong>Au cours de journ\u00e9es \u00e0 th\u00e8me<\/strong><\/p>\n\n\n\n<ul class=\"wp-block-list\"><li>JOURNEES\/ CONFERENCES SOINS PALLIATIFS<\/li><li>CNMV le 18 septembre 2017<\/li><li>CORPALIF : rencontre soins palliatifs et spiritualit\u00e9 le 19 septembre 2017<\/li><li>Conf\u00e9rence R\u00e9gionale Sant\u00e9 et Autonomie : Rencontre soins palliatifs le 5 octobre 2017<\/li><li>2<sup>\u00e8me<\/sup>&nbsp;journ\u00e9e soins palliatifs HUPS&nbsp;\u2013&nbsp;Bic\u00eatre le mardi 10 octobre 2017<\/li><li>AUTRES ACTEURS DU SECTEUR<\/li><li>Madame Laetitia DOSNE, Fondatrice et DG du Fonds National pour les Soins Palliatifs<\/li><\/ul>\n\n\n\n<p class=\"sousTitre\"><strong>2018\/2020<\/strong><\/p>\n\n\n\n<p><\/p>\n\n\n\n<ul class=\"wp-block-list\"><li><strong>Septembre 2018&nbsp;<\/strong>: \u00e9dition d\u2019un guide sur les soins palliatifs.<\/li><\/ul>\n\n\n\n<ul class=\"wp-block-list\"><li><strong>Octobre 2018<\/strong>&nbsp;: soir\u00e9e d\u2019information sur les soins palliatifs \u00e0 Issy-les-Moulineaux (plus de 120 participants)<\/li><\/ul>\n\n\n\n<ul class=\"wp-block-list\"><li><strong>F\u00e9vrier 2019<\/strong>&nbsp;: mise en ligne du Guide pratique sur le site de la Mairie d\u2019Issy-les-Moulineaux, (cf. lien 4 dans Bibliographie).<\/li><\/ul>\n\n\n\n<ul class=\"wp-block-list\"><li><strong>Juillet 2019&nbsp;<\/strong>: accord immobilier tacite avec le Maire Andr\u00e9 SANTINI, mobilisation active de ses collaborateurs pour trouver un terrain \u00e9ligible.<\/li><\/ul>\n\n\n\n<p><strong>Ann\u00e9e\u00a0\u00a02020\u00a0<\/strong>:\u00a0<strong>Elaboration du projet de cr\u00e9ation d\u2019une maison de vie et de r\u00e9pit.<\/strong><\/p>\n\n\n\n<ul class=\"wp-block-list\"><li><strong>Des contacts sont d\u00e9j\u00e0 pris<\/strong><\/li><li>Avec les diff\u00e9rentes maisons de retraite de la ville, avec l\u2019h\u00f4pital Corentin Celton et l\u2019h\u00f4pital Suisse pour envisager diff\u00e9rents partenariats pour les achats, le service lingerie\u2026<\/li><li>Mais surtout pour une collaboration \u00e9troite pour le bien \u00eatre des malades.<\/li><\/ul>\n\n\n\n<ul class=\"wp-block-list\"><li>Avec le collectif national des maisons de vie que nous avons rejoint<\/li><\/ul>\n\n\n\n<ul class=\"wp-block-list\"><li>Avec le minist\u00e8re de la sant\u00e9 pour d\u00e9finir un socle de fonctionnement commun d\u00e9clinable et adaptable plus tard dans toutes les r\u00e9gions.&nbsp;<\/li><\/ul>\n\n\n\n<ul class=\"wp-block-list\"><li>Avec la Caisse des d\u00e9p\u00f4ts pour la cr\u00e9ation du poste de Chef de Projet<\/li><\/ul>\n\n\n\n<ul class=\"wp-block-list\"><li>Avec l\u2019ARS en candidatant \u00e0 l\u2019appel \u00e0 manifestation d\u2019int\u00e9r\u00eat en Ile de France.&nbsp;<\/li><\/ul>\n\n\n\n<p class=\"sousTitre\"><strong>Actions en cours<\/strong><\/p>\n\n\n\n<ul class=\"wp-block-list\"><li>Recherche d\u2019un terrain \u00e0 b\u00e2tir ou d\u2019une maison \u00e0 racheter&nbsp;<\/li><li>Recherche de futurs investisseurs (fondations, mutuelles, associations\u2026)<\/li><\/ul>\n","protected":false},"excerpt":{"rendered":"<p>2016\/2017 Validation de la pertinence de notre projet&nbsp;aupr\u00e8s de nombreux professionnels de soins palliatifs, des acteurs de sant\u00e9, des associations Professionnels rencontr\u00e9s&nbsp;:&nbsp;Issy est situ\u00e9e en limite du 15e&nbsp;arrondissement, les Iss\u00e9ens sont souvent hospitalis\u00e9s \u00e0 Paris PROFESSIONNELS DE SANTE ET DES SOINS PALLIATIFS Docteur Isabelle TRIOL,&nbsp;Chef de service de soins palliatifs tri-site (B\u00e9cl\u00e8re, Bic\u00eatre, Paul Brousse) [&hellip;]<\/p>\n","protected":false},"author":1,"featured_media":0,"parent":0,"menu_order":0,"comment_status":"closed","ping_status":"closed","template":"","meta":{"ocean_post_layout":"","ocean_both_sidebars_style":"","ocean_both_sidebars_content_width":0,"ocean_both_sidebars_sidebars_width":0,"ocean_sidebar":"0","ocean_second_sidebar":"0","ocean_disable_margins":"enable","ocean_add_body_class":"","ocean_shortcode_before_top_bar":"","ocean_shortcode_after_top_bar":"","ocean_shortcode_before_header":"","ocean_shortcode_after_header":"","ocean_has_shortcode":"","ocean_shortcode_after_title":"","ocean_shortcode_before_footer_widgets":"","ocean_shortcode_after_footer_widgets":"","ocean_shortcode_before_footer_bottom":"","ocean_shortcode_after_footer_bottom":"","ocean_display_top_bar":"default","ocean_display_header":"default","ocean_header_style":"","ocean_center_header_left_menu":"0","ocean_custom_header_template":"0","ocean_custom_logo":0,"ocean_custom_retina_logo":0,"ocean_custom_logo_max_width":0,"ocean_custom_logo_tablet_max_width":0,"ocean_custom_logo_mobile_max_width":0,"ocean_custom_logo_max_height":0,"ocean_custom_logo_tablet_max_height":0,"ocean_custom_logo_mobile_max_height":0,"ocean_header_custom_menu":"0","ocean_menu_typo_font_family":"0","ocean_menu_typo_font_subset":"","ocean_menu_typo_font_size":0,"ocean_menu_typo_font_size_tablet":0,"ocean_menu_typo_font_size_mobile":0,"ocean_menu_typo_font_size_unit":"px","ocean_menu_typo_font_weight":"","ocean_menu_typo_font_weight_tablet":"","ocean_menu_typo_font_weight_mobile":"","ocean_menu_typo_transform":"","ocean_menu_typo_transform_tablet":"","ocean_menu_typo_transform_mobile":"","ocean_menu_typo_line_height":0,"ocean_menu_typo_line_height_tablet":0,"ocean_menu_typo_line_height_mobile":0,"ocean_menu_typo_line_height_unit":"","ocean_menu_typo_spacing":0,"ocean_menu_typo_spacing_tablet":0,"ocean_menu_typo_spacing_mobile":0,"ocean_menu_typo_spacing_unit":"","ocean_menu_link_color":"","ocean_menu_link_color_hover":"","ocean_menu_link_color_active":"","ocean_menu_link_background":"","ocean_menu_link_hover_background":"","ocean_menu_link_active_background":"","ocean_menu_social_links_bg":"","ocean_menu_social_hover_links_bg":"","ocean_menu_social_links_color":"","ocean_menu_social_hover_links_color":"","ocean_disable_title":"default","ocean_disable_heading":"default","ocean_post_title":"","ocean_post_subheading":"","ocean_post_title_style":"","ocean_post_title_background_color":"","ocean_post_title_background":0,"ocean_post_title_bg_image_position":"","ocean_post_title_bg_image_attachment":"","ocean_post_title_bg_image_repeat":"","ocean_post_title_bg_image_size":"","ocean_post_title_height":0,"ocean_post_title_bg_overlay":0.5,"ocean_post_title_bg_overlay_color":"","ocean_disable_breadcrumbs":"default","ocean_breadcrumbs_color":"","ocean_breadcrumbs_separator_color":"","ocean_breadcrumbs_links_color":"","ocean_breadcrumbs_links_hover_color":"","ocean_display_footer_widgets":"default","ocean_display_footer_bottom":"default","ocean_custom_footer_template":"0","footnotes":""},"class_list":["post-89","page","type-page","status-publish","hentry","entry"],"_links":{"self":[{"href":"https:\/\/www.spim92.fr\/index.php?rest_route=\/wp\/v2\/pages\/89","targetHints":{"allow":["GET"]}}],"collection":[{"href":"https:\/\/www.spim92.fr\/index.php?rest_route=\/wp\/v2\/pages"}],"about":[{"href":"https:\/\/www.spim92.fr\/index.php?rest_route=\/wp\/v2\/types\/page"}],"author":[{"embeddable":true,"href":"https:\/\/www.spim92.fr\/index.php?rest_route=\/wp\/v2\/users\/1"}],"replies":[{"embeddable":true,"href":"https:\/\/www.spim92.fr\/index.php?rest_route=%2Fwp%2Fv2%2Fcomments&post=89"}],"version-history":[{"count":2,"href":"https:\/\/www.spim92.fr\/index.php?rest_route=\/wp\/v2\/pages\/89\/revisions"}],"predecessor-version":[{"id":104,"href":"https:\/\/www.spim92.fr\/index.php?rest_route=\/wp\/v2\/pages\/89\/revisions\/104"}],"wp:attachment":[{"href":"https:\/\/www.spim92.fr\/index.php?rest_route=%2Fwp%2Fv2%2Fmedia&parent=89"}],"curies":[{"name":"wp","href":"https:\/\/api.w.org\/{rel}","templated":true}]}}